{"id":1334,"date":"2018-10-12T10:24:10","date_gmt":"2018-10-12T10:24:10","guid":{"rendered":"http:\/\/hotello-demo.loc\/esperanza\/?page_id=1334"},"modified":"2020-01-05T12:38:37","modified_gmt":"2020-01-05T11:38:37","slug":"services","status":"publish","type":"page","link":"https:\/\/lhadestal.fr\/index.php\/services\/","title":{"rendered":"Nos prestations"},"content":{"rendered":"<p>[vc_section][vc_row][vc_column][stm_spacer height=\u00a0\u00bb73&Prime; height_tablet=\u00a0\u00bb60&Prime; height_mobile=\u00a0\u00bb40&Prime;][vc_row_inner][vc_column_inner width=\u00a0\u00bb1\/2&Prime;][vc_single_image image=\u00a0\u00bb1386&Prime; img_size=\u00a0\u00bb480&#215;480&Prime; style=\u00a0\u00bbvc_box_shadow\u00a0\u00bb][\/vc_column_inner][vc_column_inner width=\u00a0\u00bb1\/2&Prime;][vc_custom_heading text=\u00a0\u00bbEntre s\u00e9r\u00e9nit\u00e9 et tradition&#8230; Vous aurez l&#8217;embarras du choix\u00a0\u00bb font_container=\u00a0\u00bbtag:h3|font_size:35px|text_align:left|line_height:45px\u00a0\u00bb use_theme_fonts=\u00a0\u00bbyes\u00a0\u00bb css=\u00a0\u00bb.vc_custom_1572685613127{margin-top: 9px !important;margin-bottom: 27px !important;}\u00a0\u00bb][vc_column_text css=\u00a0\u00bb.vc_custom_1572685870522{margin-bottom: 52px !important;}\u00a0\u00bb]<span style=\"line-height: 34px;\">En plein c\u0153ur de la route des vins d&rsquo;Alsace, dans un petit village au fleurissement exceptionnel, venez nous rejoindre dans notre belle b\u00e2tisse vigneronne o\u00f9 tradition rime avec exception.<\/span>[\/vc_column_text][vc_custom_heading text=\u00a0\u00bbNous faisons pour vous\u00a0\u00bb font_container=\u00a0\u00bbtag:h3|text_align:left\u00a0\u00bb use_theme_fonts=\u00a0\u00bbyes\u00a0\u00bb css=\u00a0\u00bb.vc_custom_1578222736822{margin-bottom: 26px !important;}\u00a0\u00bb][vc_column_text]<\/p>\n<ul>\n<li><span style=\"line-height: 18px;\">Chambres traditionnelles r\u00e9nov\u00e9es afin de vous apporter un d\u00e9paysement garanti.<\/span><\/li>\n<li><span style=\"line-height: 18px;\">Petit d\u00e9jeuner servi dans la pure tradition alsacienne.<\/span><\/li>\n<li><span style=\"line-height: 18px;\">A proximit\u00e9 de tous les magnifiques lieux d&rsquo;Alsace.<\/span><\/li>\n<\/ul>\n<p>[\/vc_column_text][\/vc_column_inner][\/vc_row_inner][stm_spacer height=\u00a0\u00bb59&Prime; height_tablet=\u00a0\u00bb40&Prime; height_mobile=\u00a0\u00bb40&Prime;][\/vc_column][\/vc_row][\/vc_section][vc_row full_width=\u00a0\u00bbstretch_row_content\u00a0\u00bb stm_parallax=\u00a0\u00bbenable\u00a0\u00bb shadow_x_offset=\u00a0\u00bb0&Prime; shadow_y_offset=\u00a0\u00bb0&Prime; shadow_blur=\u00a0\u00bb0&Prime; shadow_spread=\u00a0\u00bb0&Prime; shadow_color=\u00a0\u00bb\u00a0\u00bb css=\u00a0\u00bb.vc_custom_1578224314804{margin-right: 15px !important;margin-left: 12px !important;}\u00a0\u00bb][vc_column width=\u00a0\u00bb1\/4&Prime; shadow_x_offset=\u00a0\u00bb0&Prime; shadow_y_offset=\u00a0\u00bb0&Prime; shadow_blur=\u00a0\u00bb0&Prime; shadow_spread=\u00a0\u00bb0&Prime; shadow_color=\u00a0\u00bb\u00a0\u00bb][stm_info_box icon_size=\u00a0\u00bb79&Prime; title=\u00a0\u00bbNotre Petit d\u00e9jeuner\u00a0\u00bb image=\u00a0\u00bb1652&Prime;]Incontestablement li\u00e9 aux plaisirs de la table et \u00e0 notre patrimoine gastronomique, le petit d\u00e9jeuner, qu\u2019il soit sucr\u00e9 ou sal\u00e9, est un moment privil\u00e9gi\u00e9 de la journ\u00e9e, particuli\u00e8rement chez nous. Vous serez dorlot\u00e9s avec toutes\u00a0 nos gourmandises .[\/stm_info_box][\/vc_column][vc_column width=\u00a0\u00bb1\/4&Prime;][stm_info_box icon_size=\u00a0\u00bb79&Prime; title=\u00a0\u00bbGrandes chambres avec tout le confort\u00a0\u00bb image=\u00a0\u00bb1571&Prime;]Apr\u00e8s une journ\u00e9e de d\u00e9couverte touristique, vous vous retrouverez dans votre chambre avec tout le confort n\u00e9cessaire pour vous apporter s\u00e9r\u00e9nit\u00e9 et apaisement.[\/stm_info_box][\/vc_column][vc_column width=\u00a0\u00bb1\/4&Prime;][stm_info_box icon_size=\u00a0\u00bb80&Prime; title=\u00a0\u00bbL&rsquo;Alsace \u00e0 v\u00e9lo\u00a0\u00bb image=\u00a0\u00bb1408&Prime;]Nous vous proposons de vous pr\u00eater des v\u00e9los electriques afin de p\u00e9daler sur la v\u00e9loroute au c\u0153ur des vignobles d&rsquo;Alsace. Alors en selle pour sinuer\u00a0au travers de domaines de renom dans ce vaste territoire viticole\u00a0! Chasselas,\u00a0Gewurztraminer ou Riesling\u00a0pour n&rsquo;en citer que quelques-uns, de quoi se r\u00e9galer et se donner des forces pour aller\u00a0plus loin.[\/stm_info_box][\/vc_column][vc_column width=\u00a0\u00bb1\/4&Prime;][stm_info_box icon=\u00a0\u00bbstmicon-hotel-spa\u00a0\u00bb icon_size=\u00a0\u00bb80&Prime; title=\u00a0\u00bbDepuis chez nous\u00a0\u00bb image=\u00a0\u00bb1412&Prime;]Tout est possible depuis chez nous \u2026<\/p>\n<p>fl\u00e2ner dans les ruelles des plus beaux villages d&rsquo;Alsace, randonner sur les cr\u00eates vosgiennes, d\u00e9couvrir des hauts lieux historiques, visiter les innombrables mus\u00e9es de la r\u00e9gion ou s&rsquo;amuser dans le meilleur parc d&rsquo;attractions au monde.[\/stm_info_box][\/vc_column][vc_column][\/vc_column][vc_column][\/vc_column][vc_column][\/vc_column][\/vc_row]<\/p>\n","protected":false},"excerpt":{"rendered":"<p>[vc_section][vc_row][vc_column][stm_spacer height=\u00a0\u00bb73&Prime; height_tablet=\u00a0\u00bb60&Prime; height_mobile=\u00a0\u00bb40&Prime;][vc_row_inner][vc_column_inner width=\u00a0\u00bb1\/2&Prime;][vc_single_image image=\u00a0\u00bb1386&Prime; img_size=\u00a0\u00bb480&#215;480&Prime; style=\u00a0\u00bbvc_box_shadow\u00a0\u00bb][\/vc_column_inner][vc_column_inner width=\u00a0\u00bb1\/2&Prime;][vc_custom_heading text=\u00a0\u00bbEntre s\u00e9r\u00e9nit\u00e9 et tradition&#8230; Vous aurez l&#8217;embarras du choix\u00a0\u00bb font_container=\u00a0\u00bbtag:h3|font_size:35px|text_align:left|line_height:45px\u00a0\u00bb use_theme_fonts=\u00a0\u00bbyes\u00a0\u00bb css=\u00a0\u00bb.vc_custom_1572685613127{margin-top: 9px !important;margin-bottom: 27px !important;}\u00a0\u00bb][vc_column_text css=\u00a0\u00bb.vc_custom_1572685870522{margin-bottom: 52px !important;}\u00a0\u00bb]En plein c\u0153ur de la route des vins d&rsquo;Alsace, dans un petit village au fleurissement exceptionnel, venez nous rejoindre dans notre belle b\u00e2tisse vigneronne o\u00f9 tradition rime avec [&hellip;]<\/p>\n","protected":false},"author":2,"featured_media":0,"parent":0,"menu_order":0,"comment_status":"closed","ping_status":"closed","template":"","meta":{"footnotes":""},"class_list":["post-1334","page","type-page","status-publish","hentry"],"_links":{"self":[{"href":"https:\/\/lhadestal.fr\/index.php\/wp-json\/wp\/v2\/pages\/1334","targetHints":{"allow":["GET"]}}],"collection":[{"href":"https:\/\/lhadestal.fr\/index.php\/wp-json\/wp\/v2\/pages"}],"about":[{"href":"https:\/\/lhadestal.fr\/index.php\/wp-json\/wp\/v2\/types\/page"}],"author":[{"embeddable":true,"href":"https:\/\/lhadestal.fr\/index.php\/wp-json\/wp\/v2\/users\/2"}],"replies":[{"embeddable":true,"href":"https:\/\/lhadestal.fr\/index.php\/wp-json\/wp\/v2\/comments?post=1334"}],"version-history":[{"count":40,"href":"https:\/\/lhadestal.fr\/index.php\/wp-json\/wp\/v2\/pages\/1334\/revisions"}],"predecessor-version":[{"id":1798,"href":"https:\/\/lhadestal.fr\/index.php\/wp-json\/wp\/v2\/pages\/1334\/revisions\/1798"}],"wp:attachment":[{"href":"https:\/\/lhadestal.fr\/index.php\/wp-json\/wp\/v2\/media?parent=1334"}],"curies":[{"name":"wp","href":"https:\/\/api.w.org\/{rel}","templated":true}]}}